{"id":193,"date":"2019-02-24T08:35:08","date_gmt":"2019-02-24T08:35:08","guid":{"rendered":"https:\/\/piratenkanon.nl\/?page_id=193"},"modified":"2025-12-06T14:16:03","modified_gmt":"2025-12-06T13:16:03","slug":"muziekverzoeken","status":"publish","type":"page","link":"https:\/\/piratenkanon.nl\/de\/muziekverzoeken\/","title":{"rendered":"Musikw\u00fcnsche"},"content":{"rendered":"<div class=\"wpb-content-wrapper\"><div data-vc-full-width=\"true\" data-vc-full-width-temp=\"true\" data-vc-full-width-init=\"false\" class=\"vc_row wpb_row vc_row-fluid vc_custom_1748088558383 vc_row-has-fill\"><div class=\"wpb_column vc_column_container vc_col-sm-12 vc_hidden-sm vc_hidden-xs vc_col-has-fill\"><div class=\"vc_column-inner vc_custom_1749443247692\"><div class=\"wpb_wrapper\">\n\t<div class=\"wpb_raw_code wpb_raw_html wpb_content_element\" >\n\t\t<div class=\"wpb_wrapper\">\n\t\t\t\r\n    <div class='wp-lunaradio' id='lunaradio-desktop' style='width:100%; height:80px;     -webkit-border-top-left-radius:0px;    -webkit-border-top-right-radius:0px;    -webkit-border-bottom-right-radius:0px;    -webkit-border-bottom-left-radius:0px;    -moz-border-radius-topleft:0px;    -moz-border-radius-topright:0px;    -moz-border-radius-bottomright:0px;    -moz-border-radius-bottomleft:0px;    border-top-left-radius:0px;    border-top-right-radius:0px;    border-bottom-right-radius:0px;    border-bottom-left-radius:0px;    border: none;'>\r\n      <div style='height: 0px; width:0px; overflow: hidden;'>  \r\n        <a href='https:\/\/www.sodah.de\/tools\/radio-player-plugin\/' title='WordPress Radio Player Plugin'>WordPress Radio Player Plugin<\/a> powered by <a href='https:\/\/www.sodah.de\/webdesign-agentur\/mainz\/' title='Webdesign Agentur Mainz'>Webdesign-Agentur Mainz<\/a>\r\n        <a href='https:\/\/radioplayer.luna-universe.com' title='html Javascript Radio Player'>JAVASCRIPT HTML RADIO PLAYER<\/a> marketing by <a href='https:\/\/www.sodah.de\/online-marketing-agentur\/' title='Online Marketing Agentur Mainz'>Online Marketing Agentur Mainz<\/a>\r\n      <\/div>\r\n    <\/div>\r\n    <script>\r\n    window.addEventListener('load', function () {\r\n        lunaRadio('lunaradio-desktop', {\"id\":\"lunaradio-desktop\",\"borderposition\":\"none\",\"bordercolor\":\"rgba(255,255,255,1)\",\"bordersize\":\"0px\",\"width\":\"100%\",\"height\":\"80px\",\"radiustopleft\":\"0px\",\"radiustopright\":\"0px\",\"radiusbottomright\":\"0px\",\"radiusbottomleft\":\"0px\",\"token\":\"YltkU2ZXYF1TYGFgIGBe\",\"userinterface\":\"small\",\"backgroundcolor\":\"rgba(26,33,179,0.5)\",\"fontcolor\":\"#ffffff\",\"hightlightcolor\":\"#1a20a3\",\"fontname\":\"Lobster\",\"googlefont\":\"\",\"fontratio\":\"0.4\",\"radioname\":\"PiratenKanon Suriname\",\"offlinetext\":\"Radio is offline\",\"scroll\":\"true\",\"scrollradioname\":\"left\",\"scrolltitle\":\"left\",\"coverimage\":\"https:\\/\\/piratenkanon.nl\\/PiratenKanonSurinamePlayer.jpg\",\"onlycoverimage\":\"true\",\"coverstyle\":\"circle\",\"usevisualizer\":\"real\",\"visualizertype\":\"5\",\"multicolorvisualizer\":\"false\",\"color1\":\"#e66c35\",\"color2\":\"#d04345\",\"color3\":\"#85a752\",\"color4\":\"#067dcc\",\"visualizeropacity\":\"0.9\",\"visualizerghost\":\"0.0\",\"itunestoken\":\"1000lIPN\",\"metadatatechnic\":\"stream-icy-metadata\",\"ownmetadataurl\":\"\",\"streamurl\":\"https:\\\/\\\/streams.piratenkanon.nl:10400\",\"streamtype\":\"icecast2\",\"icecastmountpoint\":\"\\\/MP3-320\",\"radionomyid\":\"\",\"radionomyapikey\":\"\",\"radiojarid\":\"\",\"radiocoid\":\"\",\"shoutcastpath\":\"\",\"shoutcastid\":\"\",\"streamsuffix\":\"\",\"metadatainterval\":\"3000\",\"volume\":\"90\",\"debug\":\"false\",\"autoplay\":\"false\",\"displayliveicon\":\"true\",\"displayvisualizericon\":\"true\",\"usestreamcorsproxy\":\"false\",\"uselocalstorage\":\"false\",\"corsproxy\":\"\",\"visualizerblur\":\"0\",\"visualizerghostblur\":\"0\",\"scrollradionamespeed\":\"0.25\",\"scrolltitlespeed\":\"1.0\"});   \r\n    })\r\n    <\/script>\n\t\t<\/div>\n\t<\/div>\n<\/div><\/div><\/div><\/div><div class=\"vc_row-full-width vc_clearfix\"><\/div><div data-vc-full-width=\"true\" data-vc-full-width-temp=\"true\" data-vc-full-width-init=\"false\" class=\"vc_row wpb_row vc_row-fluid vc_custom_1748088558383 vc_row-has-fill\"><div class=\"wpb_column vc_column_container vc_col-sm-12 vc_hidden-lg vc_hidden-md vc_col-has-fill\"><div class=\"vc_column-inner vc_custom_1748435677774\"><div class=\"wpb_wrapper\">\n\t<div class=\"wpb_raw_code wpb_raw_html wpb_content_element\" >\n\t\t<div class=\"wpb_wrapper\">\n\t\t\t\r\n    <div class='wp-lunaradio' id='lunaradio-mobil' style='width:100%; height:300px;     -webkit-border-top-left-radius:0px;    -webkit-border-top-right-radius:0px;    -webkit-border-bottom-right-radius:0px;    -webkit-border-bottom-left-radius:0px;    -moz-border-radius-topleft:0px;    -moz-border-radius-topright:0px;    -moz-border-radius-bottomright:0px;    -moz-border-radius-bottomleft:0px;    border-top-left-radius:0px;    border-top-right-radius:0px;    border-bottom-right-radius:0px;    border-bottom-left-radius:0px;    border: none;'>\r\n      <div style='height: 0px; width:0px; overflow: hidden;'>  \r\n        <a href='https:\/\/www.sodah.de\/tools\/radio-player-plugin\/' title='WordPress Radio Player Plugin'>WordPress Radio Player Plugin<\/a> powered by <a href='https:\/\/www.sodah.de\/webdesign-agentur\/mainz\/' title='Webdesign Agentur Mainz'>Webdesign-Agentur Mainz<\/a>\r\n        <a href='https:\/\/radioplayer.luna-universe.com' title='html Javascript Radio Player'>JAVASCRIPT HTML RADIO PLAYER<\/a> marketing by <a href='https:\/\/www.sodah.de\/online-marketing-agentur\/' title='Online Marketing Agentur Mainz'>Online Marketing Agentur Mainz<\/a>\r\n      <\/div>\r\n    <\/div>\r\n    <script>\r\n    window.addEventListener('load', function () {\r\n        lunaRadio('lunaradio-mobil', {\"id\":\"lunaradio-mobil\",\"borderposition\":\"none\",\"bordercolor\":\"rgba(255,255,255,1)\",\"bordersize\":\"0px\",\"width\":\"100%\",\"height\":\"300px\",\"radiustopleft\":\"0px\",\"radiustopright\":\"0px\",\"radiusbottomright\":\"0px\",\"radiusbottomleft\":\"0px\",\"token\":\"YltkU2ZXYF1TYGFgIGBe\",\"userinterface\":\"big\",\"backgroundcolor\":\"rgba(26,33,179,0.5)\",\"fontcolor\":\"#ffffff\",\"hightlightcolor\":\"#1a20a3\",\"fontname\":\"Lobster\",\"googlefont\":\"\",\"fontratio\":\"0.4\",\"radioname\":\"PiratenKanon Suriname\",\"offlinetext\":\"Radio is offline\",\"scroll\":\"true\",\"scrollradioname\":\"left\",\"scrolltitle\":\"left\",\"coverimage\":\"https:\\/\\/piratenkanon.nl\\/PiratenKanonSurinamePlayer.jpg\",\"onlycoverimage\":\"true\",\"coverstyle\":\"circle\",\"usevisualizer\":\"real\",\"visualizertype\":\"5\",\"multicolorvisualizer\":\"false\",\"color1\":\"#e66c35\",\"color2\":\"#d04345\",\"color3\":\"#85a752\",\"color4\":\"#067dcc\",\"visualizeropacity\":\"0.9\",\"visualizerghost\":\"0.0\",\"itunestoken\":\"1000lIPN\",\"metadatatechnic\":\"stream-icy-metadata\",\"ownmetadataurl\":\"\",\"streamurl\":\"https:\\\/\\\/streams.piratenkanon.nl:10450\",\"streamtype\":\"icecast2\",\"icecastmountpoint\":\"\\\/MP3-64\",\"radionomyid\":\"\",\"radionomyapikey\":\"\",\"radiojarid\":\"\",\"radiocoid\":\"\",\"shoutcastpath\":\"\",\"shoutcastid\":\"\",\"streamsuffix\":\"\",\"metadatainterval\":\"3000\",\"volume\":\"90\",\"debug\":\"false\",\"autoplay\":\"false\",\"displayliveicon\":\"true\",\"displayvisualizericon\":\"true\",\"usestreamcorsproxy\":\"false\",\"uselocalstorage\":\"false\",\"corsproxy\":\"\",\"visualizerblur\":\"0\",\"visualizerghostblur\":\"0\",\"scrollradionamespeed\":\"0.25\",\"scrolltitlespeed\":\"1.0\"});   \r\n    })\r\n    <\/script>\n\t\t<\/div>\n\t<\/div>\n<\/div><\/div><\/div><\/div><div class=\"vc_row-full-width vc_clearfix\"><\/div><div data-vc-full-width=\"true\" data-vc-full-width-temp=\"true\" data-vc-full-width-init=\"false\" class=\"vc_row wpb_row vc_row-fluid vc_custom_1748088558383 vc_row-has-fill\"><div class=\"wpb_column vc_column_container vc_col-sm-12 vc_col-has-fill\"><div class=\"vc_column-inner vc_custom_1748088545549\"><div class=\"wpb_wrapper\">\n\t<div class=\"wpb_text_column wpb_content_element\" >\n\t\t<div class=\"wpb_wrapper\">\n\t\t\t<h2><span style=\"color: #ffffff;\">Musikw\u00fcnsche<\/span><\/h2>\n\n\t\t<\/div>\n\t<\/div>\n<\/div><\/div><\/div><\/div><div class=\"vc_row-full-width vc_clearfix\"><\/div><div data-vc-full-width=\"true\" data-vc-full-width-temp=\"true\" data-vc-full-width-init=\"false\" class=\"vc_row wpb_row vc_row-fluid vc_custom_1748088558383 vc_row-has-fill\"><div class=\"wpb_column vc_column_container vc_col-sm-12 vc_col-has-fill\"><div class=\"vc_column-inner vc_custom_1748088545549\"><div class=\"wpb_wrapper\">\n\t<div class=\"wpb_raw_code wpb_raw_html wpb_content_element\" >\n\t\t<div class=\"wpb_wrapper\">\n\t\t\t<p>W\u00e4hrend unser Auto-DJ Musik spielt, kannst Du auch Musikw\u00fcnsche \u00e4u\u00dfern.\n<br\/>\n<a href=\"\/de\/muziekverzoeken-autodj\/\">Klicke hier, um zur Musik-Wunschbox vom Auto DJ zu gelangen<\/a>\n<\/p>\n\t\t<\/div>\n\t<\/div>\n<\/div><\/div><\/div><\/div><div class=\"vc_row-full-width vc_clearfix\"><\/div><div data-vc-full-width=\"true\" data-vc-full-width-temp=\"true\" data-vc-full-width-init=\"false\" class=\"vc_row wpb_row vc_row-fluid vc_custom_1748088558383 vc_row-has-fill\"><div class=\"wpb_column vc_column_container vc_col-sm-12 vc_col-has-fill\"><div class=\"vc_column-inner vc_custom_1748088545549\"><div class=\"wpb_wrapper\">\n\t<div class=\"wpb_raw_code wpb_raw_html wpb_content_element\" >\n\t\t<div class=\"wpb_wrapper\">\n\t\t\t<iframe src=\"https:\/\/piratenkanon.nl\/aanvragen\/aanvraag_user.php\" width=\"500\" height=\"500\" frameborder=\"0\">\n<\/iframe>\n\t\t<\/div>\n\t<\/div>\n<\/div><\/div><\/div><\/div><div class=\"vc_row-full-width vc_clearfix\"><\/div>\n<\/div>","protected":false},"excerpt":{"rendered":"WordPress Radio Player Plugin powered by Webdesign-Agentur Mainz JAVASCRIPT HTML RADIO PLAYER marketing by Online Marketing Agentur Mainz WordPress Radio [...]","protected":false},"author":2,"featured_media":0,"parent":0,"menu_order":0,"comment_status":"closed","ping_status":"closed","template":"","meta":{"_acf_changed":false,"site-sidebar-layout":"no-sidebar","site-content-layout":"plain-container","ast-site-content-layout":"default","site-content-style":"default","site-sidebar-style":"default","ast-global-header-display":"","ast-banner-title-visibility":"","ast-main-header-display":"","ast-hfb-above-header-display":"","ast-hfb-below-header-display":"","ast-hfb-mobile-header-display":"","site-post-title":"disabled","ast-breadcrumbs-content":"","ast-featured-img":"disabled","footer-sml-layout":"","ast-disable-related-posts":"","theme-transparent-header-meta":"default","adv-header-id-meta":"","stick-header-meta":"default","header-above-stick-meta":"","header-main-stick-meta":"","header-below-stick-meta":"","astra-migrate-meta-layouts":"set","ast-page-background-enabled":"default","ast-page-background-meta":{"desktop":{"background-color":"var(--ast-global-color-5)","background-image":"","background-repeat":"repeat","background-position":"center center","background-size":"auto","background-attachment":"scroll","background-type":"","background-media":"","overlay-type":"","overlay-color":"","overlay-opacity":"","overlay-gradient":""},"tablet":{"background-color":"","background-image":"","background-repeat":"repeat","background-position":"center center","background-size":"auto","background-attachment":"scroll","background-type":"","background-media":"","overlay-type":"","overlay-color":"","overlay-opacity":"","overlay-gradient":""},"mobile":{"background-color":"","background-image":"","background-repeat":"repeat","background-position":"center center","background-size":"auto","background-attachment":"scroll","background-type":"","background-media":"","overlay-type":"","overlay-color":"","overlay-opacity":"","overlay-gradient":""}},"ast-content-background-meta":{"desktop":{"background-color":"var(--ast-global-color-4)","background-image":"","background-repeat":"repeat","background-position":"center center","background-size":"auto","background-attachment":"scroll","background-type":"","background-media":"","overlay-type":"","overlay-color":"","overlay-opacity":"","overlay-gradient":""},"tablet":{"background-color":"var(--ast-global-color-4)","background-image":"","background-repeat":"repeat","background-position":"center center","background-size":"auto","background-attachment":"scroll","background-type":"","background-media":"","overlay-type":"","overlay-color":"","overlay-opacity":"","overlay-gradient":""},"mobile":{"background-color":"var(--ast-global-color-4)","background-image":"","background-repeat":"repeat","background-position":"center center","background-size":"auto","background-attachment":"scroll","background-type":"","background-media":"","overlay-type":"","overlay-color":"","overlay-opacity":"","overlay-gradient":""}},"footnotes":""},"class_list":["post-193","page","type-page","status-publish","hentry"],"acf":[],"_links":{"self":[{"href":"https:\/\/piratenkanon.nl\/de\/wp-json\/wp\/v2\/pages\/193","targetHints":{"allow":["GET"]}}],"collection":[{"href":"https:\/\/piratenkanon.nl\/de\/wp-json\/wp\/v2\/pages"}],"about":[{"href":"https:\/\/piratenkanon.nl\/de\/wp-json\/wp\/v2\/types\/page"}],"author":[{"embeddable":true,"href":"https:\/\/piratenkanon.nl\/de\/wp-json\/wp\/v2\/users\/2"}],"replies":[{"embeddable":true,"href":"https:\/\/piratenkanon.nl\/de\/wp-json\/wp\/v2\/comments?post=193"}],"version-history":[{"count":1,"href":"https:\/\/piratenkanon.nl\/de\/wp-json\/wp\/v2\/pages\/193\/revisions"}],"predecessor-version":[{"id":3070,"href":"https:\/\/piratenkanon.nl\/de\/wp-json\/wp\/v2\/pages\/193\/revisions\/3070"}],"wp:attachment":[{"href":"https:\/\/piratenkanon.nl\/de\/wp-json\/wp\/v2\/media?parent=193"}],"curies":[{"name":"wp","href":"https:\/\/api.w.org\/{rel}","templated":true}]}}